{"id":1576,"date":"2021-03-29T08:38:16","date_gmt":"2021-03-29T06:38:16","guid":{"rendered":"https:\/\/www.fopis.ch\/nouveausite\/komitee-buero\/"},"modified":"2025-12-11T08:55:49","modified_gmt":"2025-12-11T07:55:49","slug":"komitee-buero","status":"publish","type":"page","link":"https:\/\/www.fopis.ch\/de\/komitee-buero\/","title":{"rendered":"Agenda"},"content":{"rendered":"\t\t<div data-elementor-type=\"wp-page\" data-elementor-id=\"1576\" class=\"elementor elementor-1576 elementor-1315\" data-elementor-post-type=\"page\">\n\t\t\t\t\t\t<section class=\"has_ae_slider elementor-section elementor-top-section elementor-element elementor-element-f7304ab elementor-section-boxed elementor-section-height-default elementor-section-height-default ae-bg-gallery-type-default\" data-id=\"f7304ab\" data-element_type=\"section\">\n\t\t\t\t\t\t<div class=\"elementor-container elementor-column-gap-default\">\n\t\t\t\t\t<div class=\"has_ae_slider elementor-column elementor-col-100 elementor-top-column elementor-element elementor-element-a8192a2 ae-bg-gallery-type-default\" data-id=\"a8192a2\" data-element_type=\"column\">\n\t\t\t<div class=\"elementor-widget-wrap elementor-element-populated\">\n\t\t\t\t\t\t<section class=\"has_ae_slider elementor-section elementor-inner-section elementor-element elementor-element-3c033e5 elementor-section-boxed elementor-section-height-default elementor-section-height-default ae-bg-gallery-type-default\" data-id=\"3c033e5\" data-element_type=\"section\">\n\t\t\t\t\t\t<div class=\"elementor-container elementor-column-gap-default\">\n\t\t\t\t\t<div class=\"has_ae_slider elementor-column elementor-col-100 elementor-inner-column elementor-element elementor-element-8a380cc ae-bg-gallery-type-default\" data-id=\"8a380cc\" data-element_type=\"column\">\n\t\t\t<div class=\"elementor-widget-wrap elementor-element-populated\">\n\t\t\t\t\t\t<div class=\"elementor-element elementor-element-052a520 elementor-widget elementor-widget-heading\" data-id=\"052a520\" data-element_type=\"widget\" data-widget_type=\"heading.default\">\n\t\t\t\t<div class=\"elementor-widget-container\">\n\t\t\t\t\t<h2 class=\"elementor-heading-title elementor-size-default\">Komitee-B\u00fcro <\/h2>\t\t\t\t<\/div>\n\t\t\t\t<\/div>\n\t\t\t\t<div class=\"elementor-element elementor-element-10bf604 elementor-widget elementor-widget-heading\" data-id=\"10bf604\" data-element_type=\"widget\" data-widget_type=\"heading.default\">\n\t\t\t\t<div class=\"elementor-widget-container\">\n\t\t\t\t\t<h1 class=\"elementor-heading-title elementor-size-default\">  Daten der Sitzungen und Komittees 2026<\/h1>\t\t\t\t<\/div>\n\t\t\t\t<\/div>\n\t\t\t\t\t<\/div>\n\t\t<\/div>\n\t\t\t\t\t<\/div>\n\t\t<\/section>\n\t\t\t\t<section class=\"has_ae_slider elementor-section elementor-inner-section elementor-element elementor-element-bbd4795 elementor-section-boxed elementor-section-height-default elementor-section-height-default ae-bg-gallery-type-default\" data-id=\"bbd4795\" data-element_type=\"section\">\n\t\t\t\t\t\t<div class=\"elementor-container elementor-column-gap-default\">\n\t\t\t\t\t<div class=\"has_ae_slider elementor-column elementor-col-50 elementor-inner-column elementor-element elementor-element-214d46a ae-bg-gallery-type-default\" data-id=\"214d46a\" data-element_type=\"column\">\n\t\t\t<div class=\"elementor-widget-wrap elementor-element-populated\">\n\t\t\t\t\t\t<div class=\"elementor-element elementor-element-ef4d9a8 elementor-widget elementor-widget-heading\" data-id=\"ef4d9a8\" data-element_type=\"widget\" data-widget_type=\"heading.default\">\n\t\t\t\t<div class=\"elementor-widget-container\">\n\t\t\t\t\t<h3 class=\"elementor-heading-title elementor-size-default\">B\u00fcro VOPSI<\/h3>\t\t\t\t<\/div>\n\t\t\t\t<\/div>\n\t\t\t\t<div class=\"elementor-element elementor-element-8d344a7 elementor-widget elementor-widget-heading\" data-id=\"8d344a7\" data-element_type=\"widget\" data-widget_type=\"heading.default\">\n\t\t\t\t<div class=\"elementor-widget-container\">\n\t\t\t\t\t<h3 class=\"elementor-heading-title elementor-size-default\">Sekretariat FEDE-VOPSI oder online<\/h3>\t\t\t\t<\/div>\n\t\t\t\t<\/div>\n\t\t\t\t<div class=\"elementor-element elementor-element-e14809c elementor-widget elementor-widget-text-editor\" data-id=\"e14809c\" data-element_type=\"widget\" data-widget_type=\"text-editor.default\">\n\t\t\t\t<div class=\"elementor-widget-container\">\n\t\t\t\t\t\t\t\t\t<p>13. Januar um 17.30 Uhr<br \/>3. Februar um 17.30 Uhr<br \/>3. M\u00e4rz um 17.30 Uhr<br \/>21. M\u00e4rz um 17.30 Uhr<br \/>12. Mai um 17.30 Uhr<br \/>25. August um 17.30 Uhr<br \/>29. September um 17.30 Uhr<br \/>3. November um 17.30 Uhr<br \/>1. Dezember um 17.30 Uhr<\/p>\n\t\t\t\t\t\t\t\t<\/div>\n\t\t\t\t<\/div>\n\t\t\t\t\t<\/div>\n\t\t<\/div>\n\t\t\t\t<div class=\"has_ae_slider elementor-column elementor-col-50 elementor-inner-column elementor-element elementor-element-0995d3e ae-bg-gallery-type-default\" data-id=\"0995d3e\" data-element_type=\"column\">\n\t\t\t<div class=\"elementor-widget-wrap elementor-element-populated\">\n\t\t\t\t\t\t<div class=\"elementor-element elementor-element-4376a13 elementor-widget elementor-widget-heading\" data-id=\"4376a13\" data-element_type=\"widget\" data-widget_type=\"heading.default\">\n\t\t\t\t<div class=\"elementor-widget-container\">\n\t\t\t\t\t<h3 class=\"elementor-heading-title elementor-size-default\">Komitee VOPSI<\/h3>\t\t\t\t<\/div>\n\t\t\t\t<\/div>\n\t\t\t\t<div class=\"elementor-element elementor-element-6a4feb0 elementor-widget elementor-widget-heading\" data-id=\"6a4feb0\" data-element_type=\"widget\" data-widget_type=\"heading.default\">\n\t\t\t\t<div class=\"elementor-widget-container\">\n\t\t\t\t\t<h3 class=\"elementor-heading-title elementor-size-default\">Sekretariat FEDE-VOPSI oder online<\/h3>\t\t\t\t<\/div>\n\t\t\t\t<\/div>\n\t\t\t\t<div class=\"elementor-element elementor-element-5a908e3 elementor-widget elementor-widget-text-editor\" data-id=\"5a908e3\" data-element_type=\"widget\" data-widget_type=\"text-editor.default\">\n\t\t\t\t<div class=\"elementor-widget-container\">\n\t\t\t\t\t\t\t\t\t<p>27. Januar um 19.00 Uhr<br \/>24. Februar um 19.00 Uhr<br \/>17. M\u00e4rz um 19.00 Uhr<br \/>5. Mai um 19.00 Uhr<br \/>9. Juni um 18.30 Uhr<br \/>1. September um 19.00 Uhr<br \/>27. Oktober um 19.00 Uhr<br \/>17. November um 19.00 Uhr<br \/>15. Dezember um 18.30 Uhr<\/p>\n<p><strong>Generalversammlung am 22. September 2026 um 18.00 Uhr<\/strong><\/p>\n\t\t\t\t\t\t\t\t<\/div>\n\t\t\t\t<\/div>\n\t\t\t\t\t<\/div>\n\t\t<\/div>\n\t\t\t\t\t<\/div>\n\t\t<\/section>\n\t\t\t\t\t<\/div>\n\t\t<\/div>\n\t\t\t\t\t<\/div>\n\t\t<\/section>\n\t\t\t\t<\/div>\n\t\t","protected":false},"excerpt":{"rendered":"<p>Komitee-B\u00fcro Daten der Sitzungen und Komittees 2026 B\u00fcro VOPSI Sekretariat FEDE-VOPSI oder online 13. Januar um 17.30 Uhr3. Februar um 17.30 Uhr3. M\u00e4rz um 17.30 Uhr21. M\u00e4rz um 17.30 Uhr12. Mai um 17.30 Uhr25. August um 17.30 Uhr29. September um 17.30 Uhr3. November um 17.30 Uhr1. Dezember um 17.30 Uhr Komitee VOPSI Sekretariat FEDE-VOPSI oder [&hellip;]<\/p>\n","protected":false},"author":1,"featured_media":0,"parent":0,"menu_order":0,"comment_status":"closed","ping_status":"closed","template":"","meta":{"xn-wppe-expiration":[],"xn-wppe-expiration-action":[],"xn-wppe-expiration-prefix":[],"_monsterinsights_skip_tracking":false,"_monsterinsights_sitenote_active":false,"_monsterinsights_sitenote_note":"","_monsterinsights_sitenote_category":0,"footnotes":""},"class_list":["post-1576","page","type-page","status-publish","hentry"],"yoast_head":"<!-- This site is optimized with the Yoast SEO plugin v26.5 - https:\/\/yoast.com\/wordpress\/plugins\/seo\/ -->\n<title>Agenda &#8211; FOPIS - VOPSI<\/title>\n<meta name=\"robots\" content=\"index, follow, max-snippet:-1, max-image-preview:large, max-video-preview:-1\" \/>\n<link rel=\"canonical\" href=\"https:\/\/www.fopis.ch\/de\/komitee-buero\/\" \/>\n<meta property=\"og:locale\" content=\"de_DE\" \/>\n<meta property=\"og:type\" content=\"article\" \/>\n<meta property=\"og:title\" content=\"Agenda &#8211; FOPIS - VOPSI\" \/>\n<meta property=\"og:description\" content=\"Komitee-B\u00fcro Daten der Sitzungen und Komittees 2026 B\u00fcro VOPSI Sekretariat FEDE-VOPSI oder online 13. Januar um 17.30 Uhr3. Februar um 17.30 Uhr3. M\u00e4rz um 17.30 Uhr21. M\u00e4rz um 17.30 Uhr12. Mai um 17.30 Uhr25. August um 17.30 Uhr29. September um 17.30 Uhr3. November um 17.30 Uhr1. Dezember um 17.30 Uhr Komitee VOPSI Sekretariat FEDE-VOPSI oder [&hellip;]\" \/>\n<meta property=\"og:url\" content=\"https:\/\/www.fopis.ch\/de\/komitee-buero\/\" \/>\n<meta property=\"og:site_name\" content=\"FOPIS - VOPSI\" \/>\n<meta property=\"article:modified_time\" content=\"2025-12-11T07:55:49+00:00\" \/>\n<meta name=\"twitter:card\" content=\"summary_large_image\" \/>\n<meta name=\"twitter:label1\" content=\"Gesch\u00e4tzte Lesezeit\" \/>\n\t<meta name=\"twitter:data1\" content=\"1\u00a0Minute\" \/>\n<script type=\"application\/ld+json\" class=\"yoast-schema-graph\">{\"@context\":\"https:\/\/schema.org\",\"@graph\":[{\"@type\":\"WebPage\",\"@id\":\"https:\/\/www.fopis.ch\/de\/komitee-buero\/\",\"url\":\"https:\/\/www.fopis.ch\/de\/komitee-buero\/\",\"name\":\"Agenda &#8211; FOPIS - VOPSI\",\"isPartOf\":{\"@id\":\"https:\/\/www.fopis.ch\/de\/#website\"},\"datePublished\":\"2021-03-29T06:38:16+00:00\",\"dateModified\":\"2025-12-11T07:55:49+00:00\",\"breadcrumb\":{\"@id\":\"https:\/\/www.fopis.ch\/de\/komitee-buero\/#breadcrumb\"},\"inLanguage\":\"de\",\"potentialAction\":[{\"@type\":\"ReadAction\",\"target\":[\"https:\/\/www.fopis.ch\/de\/komitee-buero\/\"]}]},{\"@type\":\"BreadcrumbList\",\"@id\":\"https:\/\/www.fopis.ch\/de\/komitee-buero\/#breadcrumb\",\"itemListElement\":[{\"@type\":\"ListItem\",\"position\":1,\"name\":\"Accueil\",\"item\":\"https:\/\/www.fopis.ch\/de\/\"},{\"@type\":\"ListItem\",\"position\":2,\"name\":\"Agenda\"}]},{\"@type\":\"WebSite\",\"@id\":\"https:\/\/www.fopis.ch\/de\/#website\",\"url\":\"https:\/\/www.fopis.ch\/de\/\",\"name\":\"FOPIS - VOPSI\",\"description\":\"F\u00e9d\u00e9ration des organisations du personnel des institutions sociales fribourgeoises\",\"publisher\":{\"@id\":\"https:\/\/www.fopis.ch\/de\/#organization\"},\"potentialAction\":[{\"@type\":\"SearchAction\",\"target\":{\"@type\":\"EntryPoint\",\"urlTemplate\":\"https:\/\/www.fopis.ch\/de\/?s={search_term_string}\"},\"query-input\":{\"@type\":\"PropertyValueSpecification\",\"valueRequired\":true,\"valueName\":\"search_term_string\"}}],\"inLanguage\":\"de\"},{\"@type\":\"Organization\",\"@id\":\"https:\/\/www.fopis.ch\/de\/#organization\",\"name\":\"FOPIS VOPSI\",\"url\":\"https:\/\/www.fopis.ch\/de\/\",\"logo\":{\"@type\":\"ImageObject\",\"inLanguage\":\"de\",\"@id\":\"https:\/\/www.fopis.ch\/de\/#\/schema\/logo\/image\/\",\"url\":\"https:\/\/www.fopis.ch\/wp-content\/uploads\/2021\/02\/logo_fopis-vopsi.png\",\"contentUrl\":\"https:\/\/www.fopis.ch\/wp-content\/uploads\/2021\/02\/logo_fopis-vopsi.png\",\"width\":520,\"height\":268,\"caption\":\"FOPIS VOPSI\"},\"image\":{\"@id\":\"https:\/\/www.fopis.ch\/de\/#\/schema\/logo\/image\/\"}}]}<\/script>\n<!-- \/ Yoast SEO plugin. -->","yoast_head_json":{"title":"Agenda &#8211; FOPIS - VOPSI","robots":{"index":"index","follow":"follow","max-snippet":"max-snippet:-1","max-image-preview":"max-image-preview:large","max-video-preview":"max-video-preview:-1"},"canonical":"https:\/\/www.fopis.ch\/de\/komitee-buero\/","og_locale":"de_DE","og_type":"article","og_title":"Agenda &#8211; FOPIS - VOPSI","og_description":"Komitee-B\u00fcro Daten der Sitzungen und Komittees 2026 B\u00fcro VOPSI Sekretariat FEDE-VOPSI oder online 13. Januar um 17.30 Uhr3. Februar um 17.30 Uhr3. M\u00e4rz um 17.30 Uhr21. M\u00e4rz um 17.30 Uhr12. Mai um 17.30 Uhr25. August um 17.30 Uhr29. September um 17.30 Uhr3. November um 17.30 Uhr1. Dezember um 17.30 Uhr Komitee VOPSI Sekretariat FEDE-VOPSI oder [&hellip;]","og_url":"https:\/\/www.fopis.ch\/de\/komitee-buero\/","og_site_name":"FOPIS - VOPSI","article_modified_time":"2025-12-11T07:55:49+00:00","twitter_card":"summary_large_image","twitter_misc":{"Gesch\u00e4tzte Lesezeit":"1\u00a0Minute"},"schema":{"@context":"https:\/\/schema.org","@graph":[{"@type":"WebPage","@id":"https:\/\/www.fopis.ch\/de\/komitee-buero\/","url":"https:\/\/www.fopis.ch\/de\/komitee-buero\/","name":"Agenda &#8211; FOPIS - VOPSI","isPartOf":{"@id":"https:\/\/www.fopis.ch\/de\/#website"},"datePublished":"2021-03-29T06:38:16+00:00","dateModified":"2025-12-11T07:55:49+00:00","breadcrumb":{"@id":"https:\/\/www.fopis.ch\/de\/komitee-buero\/#breadcrumb"},"inLanguage":"de","potentialAction":[{"@type":"ReadAction","target":["https:\/\/www.fopis.ch\/de\/komitee-buero\/"]}]},{"@type":"BreadcrumbList","@id":"https:\/\/www.fopis.ch\/de\/komitee-buero\/#breadcrumb","itemListElement":[{"@type":"ListItem","position":1,"name":"Accueil","item":"https:\/\/www.fopis.ch\/de\/"},{"@type":"ListItem","position":2,"name":"Agenda"}]},{"@type":"WebSite","@id":"https:\/\/www.fopis.ch\/de\/#website","url":"https:\/\/www.fopis.ch\/de\/","name":"FOPIS - VOPSI","description":"F\u00e9d\u00e9ration des organisations du personnel des institutions sociales fribourgeoises","publisher":{"@id":"https:\/\/www.fopis.ch\/de\/#organization"},"potentialAction":[{"@type":"SearchAction","target":{"@type":"EntryPoint","urlTemplate":"https:\/\/www.fopis.ch\/de\/?s={search_term_string}"},"query-input":{"@type":"PropertyValueSpecification","valueRequired":true,"valueName":"search_term_string"}}],"inLanguage":"de"},{"@type":"Organization","@id":"https:\/\/www.fopis.ch\/de\/#organization","name":"FOPIS VOPSI","url":"https:\/\/www.fopis.ch\/de\/","logo":{"@type":"ImageObject","inLanguage":"de","@id":"https:\/\/www.fopis.ch\/de\/#\/schema\/logo\/image\/","url":"https:\/\/www.fopis.ch\/wp-content\/uploads\/2021\/02\/logo_fopis-vopsi.png","contentUrl":"https:\/\/www.fopis.ch\/wp-content\/uploads\/2021\/02\/logo_fopis-vopsi.png","width":520,"height":268,"caption":"FOPIS VOPSI"},"image":{"@id":"https:\/\/www.fopis.ch\/de\/#\/schema\/logo\/image\/"}}]}},"_links":{"self":[{"href":"https:\/\/www.fopis.ch\/de\/wp-json\/wp\/v2\/pages\/1576","targetHints":{"allow":["GET"]}}],"collection":[{"href":"https:\/\/www.fopis.ch\/de\/wp-json\/wp\/v2\/pages"}],"about":[{"href":"https:\/\/www.fopis.ch\/de\/wp-json\/wp\/v2\/types\/page"}],"author":[{"embeddable":true,"href":"https:\/\/www.fopis.ch\/de\/wp-json\/wp\/v2\/users\/1"}],"replies":[{"embeddable":true,"href":"https:\/\/www.fopis.ch\/de\/wp-json\/wp\/v2\/comments?post=1576"}],"version-history":[{"count":46,"href":"https:\/\/www.fopis.ch\/de\/wp-json\/wp\/v2\/pages\/1576\/revisions"}],"predecessor-version":[{"id":4152,"href":"https:\/\/www.fopis.ch\/de\/wp-json\/wp\/v2\/pages\/1576\/revisions\/4152"}],"wp:attachment":[{"href":"https:\/\/www.fopis.ch\/de\/wp-json\/wp\/v2\/media?parent=1576"}],"curies":[{"name":"wp","href":"https:\/\/api.w.org\/{rel}","templated":true}]}}