{"id":1595,"date":"2021-03-29T10:04:00","date_gmt":"2021-03-29T08:04:00","guid":{"rendered":"https:\/\/www.fopis.ch\/nouveausite\/instanzen\/"},"modified":"2022-10-18T15:34:17","modified_gmt":"2022-10-18T13:34:17","slug":"instanzen","status":"publish","type":"page","link":"https:\/\/www.fopis.ch\/de\/instanzen\/","title":{"rendered":"Organisation"},"content":{"rendered":"\t\t<div data-elementor-type=\"wp-page\" data-elementor-id=\"1595\" class=\"elementor elementor-1595 elementor-1338\" data-elementor-post-type=\"page\">\n\t\t\t\t\t\t<section class=\"has_ae_slider elementor-section elementor-top-section elementor-element elementor-element-36be715 elementor-section-boxed elementor-section-height-default elementor-section-height-default ae-bg-gallery-type-default\" data-id=\"36be715\" data-element_type=\"section\">\n\t\t\t\t\t\t<div class=\"elementor-container elementor-column-gap-default\">\n\t\t\t\t\t<div class=\"has_ae_slider elementor-column elementor-col-100 elementor-top-column elementor-element elementor-element-8ae2075 ae-bg-gallery-type-default\" data-id=\"8ae2075\" data-element_type=\"column\">\n\t\t\t<div class=\"elementor-widget-wrap elementor-element-populated\">\n\t\t\t\t\t\t<section class=\"has_ae_slider elementor-section elementor-inner-section elementor-element elementor-element-e246dfd elementor-section-boxed elementor-section-height-default elementor-section-height-default ae-bg-gallery-type-default\" data-id=\"e246dfd\" data-element_type=\"section\">\n\t\t\t\t\t\t<div class=\"elementor-container elementor-column-gap-default\">\n\t\t\t\t\t<div class=\"has_ae_slider elementor-column elementor-col-100 elementor-inner-column elementor-element elementor-element-f0c4a36 ae-bg-gallery-type-default\" data-id=\"f0c4a36\" data-element_type=\"column\">\n\t\t\t<div class=\"elementor-widget-wrap elementor-element-populated\">\n\t\t\t\t\t\t<div class=\"elementor-element elementor-element-6b34e6b elementor-widget elementor-widget-heading\" data-id=\"6b34e6b\" data-element_type=\"widget\" data-widget_type=\"heading.default\">\n\t\t\t\t<div class=\"elementor-widget-container\">\n\t\t\t\t\t<h1 class=\"elementor-heading-title elementor-size-default\">VOPSI-Organisation <\/h1>\t\t\t\t<\/div>\n\t\t\t\t<\/div>\n\t\t\t\t\t<\/div>\n\t\t<\/div>\n\t\t\t\t\t<\/div>\n\t\t<\/section>\n\t\t\t\t<section class=\"has_ae_slider elementor-section elementor-inner-section elementor-element elementor-element-dd84c05 elementor-section-boxed elementor-section-height-default elementor-section-height-default ae-bg-gallery-type-default\" data-id=\"dd84c05\" data-element_type=\"section\">\n\t\t\t\t\t\t<div class=\"elementor-container elementor-column-gap-default\">\n\t\t\t\t\t<div class=\"has_ae_slider elementor-column elementor-col-50 elementor-inner-column elementor-element elementor-element-d923bf9 ae-bg-gallery-type-default\" data-id=\"d923bf9\" data-element_type=\"column\">\n\t\t\t<div class=\"elementor-widget-wrap elementor-element-populated\">\n\t\t\t\t\t\t<div class=\"elementor-element elementor-element-5c39ed3 elementor-widget elementor-widget-text-editor\" data-id=\"5c39ed3\" data-element_type=\"widget\" data-widget_type=\"text-editor.default\">\n\t\t\t\t<div class=\"elementor-widget-container\">\n\t\t\t\t\t\t\t\t\t<h2>Generalversammlung<\/h2><p>Die Generalversammlung setzt sich aus Delegierten der Kollektivmitglieder- und Mitgliedern des Exekutivkomitees zusammen.\u00a0<br \/>Siehe <a href=\"https:\/\/www.fopis.ch\/wp-content\/uploads\/2022\/10\/2022statutsFDapprouves.pdf\" target=\"_blank\" rel=\"noopener\">Artikel 11 und folgende der Statuten<\/a><br \/>Die Generalversammlung (GV) findet einmal pro Jahre statt.\u00a0<br \/>Eine aussergew\u00f6hnliche GV kann einberufen werden.<\/p>\t\t\t\t\t\t\t\t<\/div>\n\t\t\t\t<\/div>\n\t\t\t\t\t<\/div>\n\t\t<\/div>\n\t\t\t\t<div class=\"has_ae_slider elementor-column elementor-col-50 elementor-inner-column elementor-element elementor-element-553bf40 ae-bg-gallery-type-default\" data-id=\"553bf40\" data-element_type=\"column\">\n\t\t\t<div class=\"elementor-widget-wrap elementor-element-populated\">\n\t\t\t\t\t\t<div class=\"elementor-element elementor-element-714506b elementor-widget elementor-widget-text-editor\" data-id=\"714506b\" data-element_type=\"widget\" data-widget_type=\"text-editor.default\">\n\t\t\t\t<div class=\"elementor-widget-container\">\n\t\t\t\t\t\t\t\t\t<h2>Die Gesch\u00e4ftsleitung<\/h2><p>Bestehend aus dem Vorsitz, dem Generalsekret\u00e4r oder der Generalsekret\u00e4rin, zwei Mitgliedern der strategische Leitung.<br \/>Die Gesch\u00e4ftsleitung trifft sich vor den Sitzungen der strategischen Leitung und bereitet diese vor.<br \/>Siehe <a href=\"https:\/\/www.fopis.ch\/wp-content\/uploads\/2022\/10\/2022statutsFDapprouves.pdf\" target=\"_blank\" rel=\"noopener\">Artikel 24 und folgenden der Statuten<\/a><\/p>\t\t\t\t\t\t\t\t<\/div>\n\t\t\t\t<\/div>\n\t\t\t\t\t<\/div>\n\t\t<\/div>\n\t\t\t\t\t<\/div>\n\t\t<\/section>\n\t\t\t\t<section class=\"has_ae_slider elementor-section elementor-inner-section elementor-element elementor-element-801fb15 elementor-section-boxed elementor-section-height-default elementor-section-height-default ae-bg-gallery-type-default\" data-id=\"801fb15\" data-element_type=\"section\">\n\t\t\t\t\t\t<div class=\"elementor-container elementor-column-gap-default\">\n\t\t\t\t\t<div class=\"has_ae_slider elementor-column elementor-col-50 elementor-inner-column elementor-element elementor-element-e2c35ee ae-bg-gallery-type-default\" data-id=\"e2c35ee\" data-element_type=\"column\">\n\t\t\t<div class=\"elementor-widget-wrap elementor-element-populated\">\n\t\t\t\t\t\t<div class=\"elementor-element elementor-element-f0873c9 elementor-widget elementor-widget-text-editor\" data-id=\"f0873c9\" data-element_type=\"widget\" data-widget_type=\"text-editor.default\">\n\t\t\t\t<div class=\"elementor-widget-container\">\n\t\t\t\t\t\t\t\t\t<h2>Die strategische Leitung<\/h2><p>Der Vorsitz, der\/die Generalsekret\u00e4r\/in und die Delegierten der Berufsverb\u00e4nde nehmen daran teil.<\/p><p>Siehe <a href=\"https:\/\/www.fopis.ch\/wp-content\/uploads\/2022\/10\/2022statutsFDapprouves.pdf\" target=\"_blank\" rel=\"noopener\">Artikel 15 und folgenden der Statuten.<\/a><\/p>\t\t\t\t\t\t\t\t<\/div>\n\t\t\t\t<\/div>\n\t\t\t\t\t<\/div>\n\t\t<\/div>\n\t\t\t\t<div class=\"has_ae_slider elementor-column elementor-col-50 elementor-inner-column elementor-element elementor-element-952ca26 ae-bg-gallery-type-default\" data-id=\"952ca26\" data-element_type=\"column\">\n\t\t\t<div class=\"elementor-widget-wrap elementor-element-populated\">\n\t\t\t\t\t\t<div class=\"elementor-element elementor-element-fc5d9c8 elementor-widget elementor-widget-text-editor\" data-id=\"fc5d9c8\" data-element_type=\"widget\" data-widget_type=\"text-editor.default\">\n\t\t\t\t<div class=\"elementor-widget-container\">\n\t\t\t\t\t\t\t\t\t<h2>Schiedsrichterliche Kommission<\/h2><p>Zwei Delegierte und zwei Stellvertreter werden ernannt.<br \/>Die Kommission hat die Aufgabe, Streitigkeiten, Rechtsstreite zwischen Mitarbeitern und Institutionen zu \u00fcberpr\u00fcfen und dazu Stellung zu beziehen.<\/p>\t\t\t\t\t\t\t\t<\/div>\n\t\t\t\t<\/div>\n\t\t\t\t\t<\/div>\n\t\t<\/div>\n\t\t\t\t\t<\/div>\n\t\t<\/section>\n\t\t\t\t<section class=\"has_ae_slider elementor-section elementor-inner-section elementor-element elementor-element-fe86bb1 elementor-section-boxed elementor-section-height-default elementor-section-height-default ae-bg-gallery-type-default\" data-id=\"fe86bb1\" data-element_type=\"section\">\n\t\t\t\t\t\t<div class=\"elementor-container elementor-column-gap-default\">\n\t\t\t\t\t<div class=\"has_ae_slider elementor-column elementor-col-50 elementor-inner-column elementor-element elementor-element-975c5da ae-bg-gallery-type-default\" data-id=\"975c5da\" data-element_type=\"column\">\n\t\t\t<div class=\"elementor-widget-wrap elementor-element-populated\">\n\t\t\t\t\t\t<div class=\"elementor-element elementor-element-5011e36 elementor-widget elementor-widget-text-editor\" data-id=\"5011e36\" data-element_type=\"widget\" data-widget_type=\"text-editor.default\">\n\t\t\t\t<div class=\"elementor-widget-container\">\n\t\t\t\t\t\t\t\t\t<h2>Verhandlungskommission<\/h2><p>Bestehend aus dem Generalsekret\u00e4r oder der Generalsekret\u00e4rin und zwei Mitgliedern der Gesch\u00e4ftsleitung, dazu ein\/eine Protokollf\u00fchrer\/in.<br \/>Sie hat die Aufgabe, mit unseren Partnern Verhandlungen im Bereich des GAV zu f\u00fchren oder Situationen zu besprechen.<\/p>\t\t\t\t\t\t\t\t<\/div>\n\t\t\t\t<\/div>\n\t\t\t\t\t<\/div>\n\t\t<\/div>\n\t\t\t\t<div class=\"has_ae_slider elementor-column elementor-col-50 elementor-inner-column elementor-element elementor-element-472fba3 ae-bg-gallery-type-default\" data-id=\"472fba3\" data-element_type=\"column\">\n\t\t\t<div class=\"elementor-widget-wrap elementor-element-populated\">\n\t\t\t\t\t\t<div class=\"elementor-element elementor-element-c5f4187 elementor-widget elementor-widget-text-editor\" data-id=\"c5f4187\" data-element_type=\"widget\" data-widget_type=\"text-editor.default\">\n\t\t\t\t<div class=\"elementor-widget-container\">\n\t\t\t\t\t\t\t\t\t<h2>Arbeitsgruppe<\/h2><p>Delegierte werden nach spezifischen Themen ernannt<br \/>Sie haben die Aufgabe, die Dossiers zu behandeln:<\/p><ul><li>den Stand der Arbeiten mitzuteilen<\/li><li>Vorschl\u00e4ge zu unterbreiten<\/li><li>dem Exekutivkomitee getroffene Entscheide vorzulegen<\/li><\/ul>\t\t\t\t\t\t\t\t<\/div>\n\t\t\t\t<\/div>\n\t\t\t\t\t<\/div>\n\t\t<\/div>\n\t\t\t\t\t<\/div>\n\t\t<\/section>\n\t\t\t\t<section class=\"has_ae_slider elementor-section elementor-inner-section elementor-element elementor-element-215c5c3 elementor-section-boxed elementor-section-height-default elementor-section-height-default ae-bg-gallery-type-default\" data-id=\"215c5c3\" data-element_type=\"section\">\n\t\t\t\t\t\t<div class=\"elementor-container elementor-column-gap-default\">\n\t\t\t\t\t<div class=\"has_ae_slider elementor-column elementor-col-100 elementor-inner-column elementor-element elementor-element-458e6a0 ae-bg-gallery-type-default\" data-id=\"458e6a0\" data-element_type=\"column\">\n\t\t\t<div class=\"elementor-widget-wrap elementor-element-populated\">\n\t\t\t\t\t\t<div class=\"elementor-element elementor-element-f7aadde elementor-widget elementor-widget-text-editor\" data-id=\"f7aadde\" data-element_type=\"widget\" data-widget_type=\"text-editor.default\">\n\t\t\t\t<div class=\"elementor-widget-container\">\n\t\t\t\t\t\t\t\t\t<h2>Das st\u00e4ndige Sekretariat<\/h2><p>Es \u00fcbernimmt die folgenden Aufgaben:<\/p><ul><li>das Generalsekretariat\u00a0<\/li><li>das Administrativsekretariat<\/li><li>Dienstleistungen f\u00fcr Verb\u00e4nde (Konsultationen, Rechtsr\u00e4te, usw.)<\/li><li>Redaktion und Ver\u00f6ffentlichung des VOPSI-Infos<\/li><li>die Finanzen<\/li><li>Unterst\u00fctzung f\u00fcr die Delegationen und Vertretungen des VOPSI<\/li><\/ul>\t\t\t\t\t\t\t\t<\/div>\n\t\t\t\t<\/div>\n\t\t\t\t\t<\/div>\n\t\t<\/div>\n\t\t\t\t\t<\/div>\n\t\t<\/section>\n\t\t\t\t\t<\/div>\n\t\t<\/div>\n\t\t\t\t\t<\/div>\n\t\t<\/section>\n\t\t\t\t<\/div>\n\t\t","protected":false},"excerpt":{"rendered":"<p>VOPSI-Organisation Generalversammlung Die Generalversammlung setzt sich aus Delegierten der Kollektivmitglieder- und Mitgliedern des Exekutivkomitees zusammen.\u00a0Siehe Artikel 11 und folgende der StatutenDie Generalversammlung (GV) findet einmal pro Jahre statt.\u00a0Eine aussergew\u00f6hnliche GV kann einberufen werden. Die Gesch\u00e4ftsleitung Bestehend aus dem Vorsitz, dem Generalsekret\u00e4r oder der Generalsekret\u00e4rin, zwei Mitgliedern der strategische Leitung.Die Gesch\u00e4ftsleitung trifft sich vor den Sitzungen [&hellip;]<\/p>\n","protected":false},"author":1,"featured_media":0,"parent":0,"menu_order":0,"comment_status":"closed","ping_status":"closed","template":"","meta":{"xn-wppe-expiration":[],"xn-wppe-expiration-action":[],"xn-wppe-expiration-prefix":[],"_monsterinsights_skip_tracking":false,"_monsterinsights_sitenote_active":false,"_monsterinsights_sitenote_note":"","_monsterinsights_sitenote_category":0,"footnotes":""},"class_list":["post-1595","page","type-page","status-publish","hentry"],"yoast_head":"<!-- This site is optimized with the Yoast SEO plugin v26.5 - https:\/\/yoast.com\/wordpress\/plugins\/seo\/ -->\n<title>Organisation &#8211; FOPIS - VOPSI<\/title>\n<meta name=\"robots\" content=\"index, follow, max-snippet:-1, max-image-preview:large, max-video-preview:-1\" \/>\n<link rel=\"canonical\" href=\"https:\/\/www.fopis.ch\/de\/instanzen\/\" \/>\n<meta property=\"og:locale\" content=\"de_DE\" \/>\n<meta property=\"og:type\" content=\"article\" \/>\n<meta property=\"og:title\" content=\"Organisation &#8211; FOPIS - VOPSI\" \/>\n<meta property=\"og:description\" content=\"VOPSI-Organisation Generalversammlung Die Generalversammlung setzt sich aus Delegierten der Kollektivmitglieder- und Mitgliedern des Exekutivkomitees zusammen.\u00a0Siehe Artikel 11 und folgende der StatutenDie Generalversammlung (GV) findet einmal pro Jahre statt.\u00a0Eine aussergew\u00f6hnliche GV kann einberufen werden. Die Gesch\u00e4ftsleitung Bestehend aus dem Vorsitz, dem Generalsekret\u00e4r oder der Generalsekret\u00e4rin, zwei Mitgliedern der strategische Leitung.Die Gesch\u00e4ftsleitung trifft sich vor den Sitzungen [&hellip;]\" \/>\n<meta property=\"og:url\" content=\"https:\/\/www.fopis.ch\/de\/instanzen\/\" \/>\n<meta property=\"og:site_name\" content=\"FOPIS - VOPSI\" \/>\n<meta property=\"article:modified_time\" content=\"2022-10-18T13:34:17+00:00\" \/>\n<meta name=\"twitter:card\" content=\"summary_large_image\" \/>\n<meta name=\"twitter:label1\" content=\"Gesch\u00e4tzte Lesezeit\" \/>\n\t<meta name=\"twitter:data1\" content=\"2\u00a0Minuten\" \/>\n<script type=\"application\/ld+json\" class=\"yoast-schema-graph\">{\"@context\":\"https:\/\/schema.org\",\"@graph\":[{\"@type\":\"WebPage\",\"@id\":\"https:\/\/www.fopis.ch\/de\/instanzen\/\",\"url\":\"https:\/\/www.fopis.ch\/de\/instanzen\/\",\"name\":\"Organisation &#8211; FOPIS - VOPSI\",\"isPartOf\":{\"@id\":\"https:\/\/www.fopis.ch\/de\/#website\"},\"datePublished\":\"2021-03-29T08:04:00+00:00\",\"dateModified\":\"2022-10-18T13:34:17+00:00\",\"breadcrumb\":{\"@id\":\"https:\/\/www.fopis.ch\/de\/instanzen\/#breadcrumb\"},\"inLanguage\":\"de\",\"potentialAction\":[{\"@type\":\"ReadAction\",\"target\":[\"https:\/\/www.fopis.ch\/de\/instanzen\/\"]}]},{\"@type\":\"BreadcrumbList\",\"@id\":\"https:\/\/www.fopis.ch\/de\/instanzen\/#breadcrumb\",\"itemListElement\":[{\"@type\":\"ListItem\",\"position\":1,\"name\":\"Accueil\",\"item\":\"https:\/\/www.fopis.ch\/de\/\"},{\"@type\":\"ListItem\",\"position\":2,\"name\":\"Organisation\"}]},{\"@type\":\"WebSite\",\"@id\":\"https:\/\/www.fopis.ch\/de\/#website\",\"url\":\"https:\/\/www.fopis.ch\/de\/\",\"name\":\"FOPIS - VOPSI\",\"description\":\"F\u00e9d\u00e9ration des organisations du personnel des institutions sociales fribourgeoises\",\"publisher\":{\"@id\":\"https:\/\/www.fopis.ch\/de\/#organization\"},\"potentialAction\":[{\"@type\":\"SearchAction\",\"target\":{\"@type\":\"EntryPoint\",\"urlTemplate\":\"https:\/\/www.fopis.ch\/de\/?s={search_term_string}\"},\"query-input\":{\"@type\":\"PropertyValueSpecification\",\"valueRequired\":true,\"valueName\":\"search_term_string\"}}],\"inLanguage\":\"de\"},{\"@type\":\"Organization\",\"@id\":\"https:\/\/www.fopis.ch\/de\/#organization\",\"name\":\"FOPIS VOPSI\",\"url\":\"https:\/\/www.fopis.ch\/de\/\",\"logo\":{\"@type\":\"ImageObject\",\"inLanguage\":\"de\",\"@id\":\"https:\/\/www.fopis.ch\/de\/#\/schema\/logo\/image\/\",\"url\":\"https:\/\/www.fopis.ch\/wp-content\/uploads\/2021\/02\/logo_fopis-vopsi.png\",\"contentUrl\":\"https:\/\/www.fopis.ch\/wp-content\/uploads\/2021\/02\/logo_fopis-vopsi.png\",\"width\":520,\"height\":268,\"caption\":\"FOPIS VOPSI\"},\"image\":{\"@id\":\"https:\/\/www.fopis.ch\/de\/#\/schema\/logo\/image\/\"}}]}<\/script>\n<!-- \/ Yoast SEO plugin. -->","yoast_head_json":{"title":"Organisation &#8211; FOPIS - VOPSI","robots":{"index":"index","follow":"follow","max-snippet":"max-snippet:-1","max-image-preview":"max-image-preview:large","max-video-preview":"max-video-preview:-1"},"canonical":"https:\/\/www.fopis.ch\/de\/instanzen\/","og_locale":"de_DE","og_type":"article","og_title":"Organisation &#8211; FOPIS - VOPSI","og_description":"VOPSI-Organisation Generalversammlung Die Generalversammlung setzt sich aus Delegierten der Kollektivmitglieder- und Mitgliedern des Exekutivkomitees zusammen.\u00a0Siehe Artikel 11 und folgende der StatutenDie Generalversammlung (GV) findet einmal pro Jahre statt.\u00a0Eine aussergew\u00f6hnliche GV kann einberufen werden. Die Gesch\u00e4ftsleitung Bestehend aus dem Vorsitz, dem Generalsekret\u00e4r oder der Generalsekret\u00e4rin, zwei Mitgliedern der strategische Leitung.Die Gesch\u00e4ftsleitung trifft sich vor den Sitzungen [&hellip;]","og_url":"https:\/\/www.fopis.ch\/de\/instanzen\/","og_site_name":"FOPIS - VOPSI","article_modified_time":"2022-10-18T13:34:17+00:00","twitter_card":"summary_large_image","twitter_misc":{"Gesch\u00e4tzte Lesezeit":"2\u00a0Minuten"},"schema":{"@context":"https:\/\/schema.org","@graph":[{"@type":"WebPage","@id":"https:\/\/www.fopis.ch\/de\/instanzen\/","url":"https:\/\/www.fopis.ch\/de\/instanzen\/","name":"Organisation &#8211; FOPIS - VOPSI","isPartOf":{"@id":"https:\/\/www.fopis.ch\/de\/#website"},"datePublished":"2021-03-29T08:04:00+00:00","dateModified":"2022-10-18T13:34:17+00:00","breadcrumb":{"@id":"https:\/\/www.fopis.ch\/de\/instanzen\/#breadcrumb"},"inLanguage":"de","potentialAction":[{"@type":"ReadAction","target":["https:\/\/www.fopis.ch\/de\/instanzen\/"]}]},{"@type":"BreadcrumbList","@id":"https:\/\/www.fopis.ch\/de\/instanzen\/#breadcrumb","itemListElement":[{"@type":"ListItem","position":1,"name":"Accueil","item":"https:\/\/www.fopis.ch\/de\/"},{"@type":"ListItem","position":2,"name":"Organisation"}]},{"@type":"WebSite","@id":"https:\/\/www.fopis.ch\/de\/#website","url":"https:\/\/www.fopis.ch\/de\/","name":"FOPIS - VOPSI","description":"F\u00e9d\u00e9ration des organisations du personnel des institutions sociales fribourgeoises","publisher":{"@id":"https:\/\/www.fopis.ch\/de\/#organization"},"potentialAction":[{"@type":"SearchAction","target":{"@type":"EntryPoint","urlTemplate":"https:\/\/www.fopis.ch\/de\/?s={search_term_string}"},"query-input":{"@type":"PropertyValueSpecification","valueRequired":true,"valueName":"search_term_string"}}],"inLanguage":"de"},{"@type":"Organization","@id":"https:\/\/www.fopis.ch\/de\/#organization","name":"FOPIS VOPSI","url":"https:\/\/www.fopis.ch\/de\/","logo":{"@type":"ImageObject","inLanguage":"de","@id":"https:\/\/www.fopis.ch\/de\/#\/schema\/logo\/image\/","url":"https:\/\/www.fopis.ch\/wp-content\/uploads\/2021\/02\/logo_fopis-vopsi.png","contentUrl":"https:\/\/www.fopis.ch\/wp-content\/uploads\/2021\/02\/logo_fopis-vopsi.png","width":520,"height":268,"caption":"FOPIS VOPSI"},"image":{"@id":"https:\/\/www.fopis.ch\/de\/#\/schema\/logo\/image\/"}}]}},"_links":{"self":[{"href":"https:\/\/www.fopis.ch\/de\/wp-json\/wp\/v2\/pages\/1595","targetHints":{"allow":["GET"]}}],"collection":[{"href":"https:\/\/www.fopis.ch\/de\/wp-json\/wp\/v2\/pages"}],"about":[{"href":"https:\/\/www.fopis.ch\/de\/wp-json\/wp\/v2\/types\/page"}],"author":[{"embeddable":true,"href":"https:\/\/www.fopis.ch\/de\/wp-json\/wp\/v2\/users\/1"}],"replies":[{"embeddable":true,"href":"https:\/\/www.fopis.ch\/de\/wp-json\/wp\/v2\/comments?post=1595"}],"version-history":[{"count":35,"href":"https:\/\/www.fopis.ch\/de\/wp-json\/wp\/v2\/pages\/1595\/revisions"}],"predecessor-version":[{"id":3349,"href":"https:\/\/www.fopis.ch\/de\/wp-json\/wp\/v2\/pages\/1595\/revisions\/3349"}],"wp:attachment":[{"href":"https:\/\/www.fopis.ch\/de\/wp-json\/wp\/v2\/media?parent=1595"}],"curies":[{"name":"wp","href":"https:\/\/api.w.org\/{rel}","templated":true}]}}