{"id":819,"date":"2021-03-12T15:03:26","date_gmt":"2021-03-12T14:03:26","guid":{"rendered":"https:\/\/www.fopis.ch\/nouveausite\/geschichte\/"},"modified":"2021-03-29T21:06:33","modified_gmt":"2021-03-29T19:06:33","slug":"geschichte","status":"publish","type":"page","link":"https:\/\/www.fopis.ch\/de\/geschichte\/","title":{"rendered":"Geschichte"},"content":{"rendered":"\t\t<div data-elementor-type=\"wp-page\" data-elementor-id=\"819\" class=\"elementor elementor-819 elementor-326\" data-elementor-post-type=\"page\">\n\t\t\t\t\t\t<section class=\"has_ae_slider elementor-section elementor-top-section elementor-element elementor-element-d67af34 elementor-section-boxed elementor-section-height-default elementor-section-height-default ae-bg-gallery-type-default\" data-id=\"d67af34\" data-element_type=\"section\">\n\t\t\t\t\t\t<div class=\"elementor-container elementor-column-gap-default\">\n\t\t\t\t\t<div class=\"has_ae_slider elementor-column elementor-col-100 elementor-top-column elementor-element elementor-element-de37029 ae-bg-gallery-type-default\" data-id=\"de37029\" data-element_type=\"column\">\n\t\t\t<div class=\"elementor-widget-wrap elementor-element-populated\">\n\t\t\t\t\t\t<div class=\"elementor-element elementor-element-9d6a8aa elementor-widget elementor-widget-heading\" data-id=\"9d6a8aa\" data-element_type=\"widget\" data-widget_type=\"heading.default\">\n\t\t\t\t<div class=\"elementor-widget-container\">\n\t\t\t\t\t<h1 class=\"elementor-heading-title elementor-size-default\">Geschichte<\/h1>\t\t\t\t<\/div>\n\t\t\t\t<\/div>\n\t\t\t\t\t<\/div>\n\t\t<\/div>\n\t\t\t\t\t<\/div>\n\t\t<\/section>\n\t\t\t\t<section class=\"has_ae_slider elementor-section elementor-top-section elementor-element elementor-element-99a9936 elementor-section-boxed elementor-section-height-default elementor-section-height-default ae-bg-gallery-type-default\" data-id=\"99a9936\" data-element_type=\"section\">\n\t\t\t\t\t\t<div class=\"elementor-container elementor-column-gap-default\">\n\t\t\t\t\t<div class=\"has_ae_slider elementor-column elementor-col-50 elementor-top-column elementor-element elementor-element-e47896b ae-bg-gallery-type-default\" data-id=\"e47896b\" data-element_type=\"column\">\n\t\t\t<div class=\"elementor-widget-wrap elementor-element-populated\">\n\t\t\t\t\t\t<div class=\"elementor-element elementor-element-ea4460e elementor-widget elementor-widget-text-editor\" data-id=\"ea4460e\" data-element_type=\"widget\" data-widget_type=\"text-editor.default\">\n\t\t\t\t<div class=\"elementor-widget-container\">\n\t\t\t\t\t\t\t\t\t<p><strong>Die Urspr\u00fcnge<br \/>\n<\/strong>In der zweiten H\u00e4lfte der 1970er Jahre beginnt der sozialp\u00e4dagogische Sektor des Kantons Freiburg sich zu strukturieren. Der haupts\u00e4chlich von religi\u00f6sen Institutionen organisierte und von karitativem Charakter gepr\u00e4gte Sektor beginnt sich zu professionalisieren. Der \u00dcbergang von den gemeinn\u00fctzigen Vereinen zu sozialp\u00e4dagogischen Dienstleistungen zwingt die stark verstreuten Akteure sich zu begegnen, eine Politik zur Betreuung zu definieren und sich als Fachleute des Sozialbereichs gegen\u00fcber dem zahlenden Staat zu profilieren. Der Staat Freiburg entzieht sich seinen Verpflichtungen und verlangt von den sozialen Institutionen mehr Transparenz in der Verwaltung und Betreuung der Betroffenen, damit die Leistungen effizienter und spezialisierter werden. Die sozialen Fachschulen entwickeln sich und liefern qualifizierte Berufsleute im Sozialbereich, welche sich wie in den anderen wirtschaftlichen Bereichen gewerkschaftlich und beruflich organisieren.<br \/>\nIm Kanton Freiburg organisieren sich einerseits die sozialen Institutionen und Arbeitgeber in der FVIBG (Freiburger Vereinigung der Institutionen f\u00fcr Behinderte und Gef\u00e4hrdete) und andererseits schliessen sich die in ihren Gewerkschaften und Berufsverb\u00e4nden organisierten Angestellten in einer Dachorganisation, \u201egemeinsame Kommission\u201c genannt, zusammen. Die Arbeitsbedingungen der sozialen Institutionen sind in den \u00ab Rahmenstatuten\u00bb geregelt, welche von den grossen Institutionen f\u00fcr ihr Personal ausgearbeitet wurden und von den anderen als Referenz verwendet wurden. Zwischen 1977 und 1979 wurden die Rahmenstatuten von den grossen Institutionen und der Gewerkschaft CFP\/FAB (Christliche F\u00f6deration des Personals \/ Freiburger Arbeiterbund) diskutiert. Diese Statuten lagen jedenfalls in den H\u00e4nden der Arbeitgeber. Dies waren die ersten Formen der Sozialpartnerschaft im sozialp\u00e4dagogischen Bereich.<\/p>\n\t\t\t\t\t\t\t\t<\/div>\n\t\t\t\t<\/div>\n\t\t\t\t\t<\/div>\n\t\t<\/div>\n\t\t\t\t<div class=\"has_ae_slider elementor-column elementor-col-50 elementor-top-column elementor-element elementor-element-84b2aa9 ae-bg-gallery-type-default\" data-id=\"84b2aa9\" data-element_type=\"column\">\n\t\t\t<div class=\"elementor-widget-wrap\">\n\t\t\t\t\t\t\t<\/div>\n\t\t<\/div>\n\t\t\t\t\t<\/div>\n\t\t<\/section>\n\t\t\t\t<section class=\"has_ae_slider elementor-section elementor-top-section elementor-element elementor-element-5ad1749 elementor-section-height-min-height elementor-section-boxed elementor-section-height-default elementor-section-items-middle ae-bg-gallery-type-default\" data-id=\"5ad1749\" data-element_type=\"section\" data-settings=\"{&quot;background_background&quot;:&quot;classic&quot;}\">\n\t\t\t\t\t\t<div class=\"elementor-container elementor-column-gap-default\">\n\t\t\t\t\t<div class=\"has_ae_slider elementor-column elementor-col-100 elementor-top-column elementor-element elementor-element-17cf4ae ae-bg-gallery-type-default\" data-id=\"17cf4ae\" data-element_type=\"column\">\n\t\t\t<div class=\"elementor-widget-wrap\">\n\t\t\t\t\t\t\t<\/div>\n\t\t<\/div>\n\t\t\t\t\t<\/div>\n\t\t<\/section>\n\t\t\t\t<section class=\"has_ae_slider elementor-section elementor-top-section elementor-element elementor-element-a68a69b elementor-reverse-mobile elementor-section-boxed elementor-section-height-default elementor-section-height-default ae-bg-gallery-type-default\" data-id=\"a68a69b\" data-element_type=\"section\">\n\t\t\t\t\t\t<div class=\"elementor-container elementor-column-gap-default\">\n\t\t\t\t\t<div class=\"has_ae_slider elementor-column elementor-col-50 elementor-top-column elementor-element elementor-element-8763017 ae-bg-gallery-type-default\" data-id=\"8763017\" data-element_type=\"column\">\n\t\t\t<div class=\"elementor-widget-wrap\">\n\t\t\t\t\t\t\t<\/div>\n\t\t<\/div>\n\t\t\t\t<div class=\"has_ae_slider elementor-column elementor-col-50 elementor-top-column elementor-element elementor-element-fddc0e0 ae-bg-gallery-type-default\" data-id=\"fddc0e0\" data-element_type=\"column\">\n\t\t\t<div class=\"elementor-widget-wrap elementor-element-populated\">\n\t\t\t\t\t\t<div class=\"elementor-element elementor-element-7c7a5f9 elementor-widget elementor-widget-text-editor\" data-id=\"7c7a5f9\" data-element_type=\"widget\" data-widget_type=\"text-editor.default\">\n\t\t\t\t<div class=\"elementor-widget-container\">\n\t\t\t\t\t\t\t\t\t<p><strong>Die Ausarbeitung eines Gesamtarbeitsvertrages<br \/>\n<\/strong>Anfang der 80er Jahre wird die Bedeutung der Sozialarbeit in der fortgeschrittenen Konsumgesellschaft von den Berufsleuten breit diskutiert. Die Schulen werden politisiert, da die sozialen Akteure bei der Sozialisation eine politischere Rolle spielen wollen : Die Frage ist welches Ziel der Sozialarbeit zu geben ist \u2013 Soll man wie ein \u00ab Polizist \u00bb oder die \u00ab Feuerwehr \u00bb sein oder autonome Individuen gestalten, welche ihr Leben selber in die Hand nehmen ? Soll man Akteur des sozialen Wandels sein oder Bewahrer der Normen einer konservativen Gesellschaft ? Diese Debatten f\u00f6rdern den Zusammenschluss der sozialen Fachleute, welche als Partner und Akteure von und mit den Arbeitgeberinstitutionen anerkannt werden wollen. Ende der 80er Jahre ruft in Freiburg die Gewerkschaft CFT\/FAB die anderen organisierten und nicht-organisierten Angestellten auf, sich in der CFP\/FAB zu einer \u00abgemeinsamen Kommission der Angestellten der Mitgliedinstitutionen der FVIBG\u00bb zusammenzuschliessen. Diese gemeinsame Kommission ist nicht ein gesetzlich konstituierter Verein, sondern die Konjugation des gemeinsamen Willens um ein Projekt : Man wollte n\u00e4mlich einen Gesamtarbeitsvertrag statt der \u00ab Rahmenstatuten \u00bb, um die Anstellungs- und Arbeitsbedingungen in denjenigen Institutionen zu regeln, welche sich um die gef\u00e4hrdeten und behinderten Kinder, Jugendlichen und Erwachsenen k\u00fcmmern.<\/p>\n\t\t\t\t\t\t\t\t<\/div>\n\t\t\t\t<\/div>\n\t\t\t\t\t<\/div>\n\t\t<\/div>\n\t\t\t\t\t<\/div>\n\t\t<\/section>\n\t\t\t\t<section class=\"has_ae_slider elementor-section elementor-top-section elementor-element elementor-element-08df95d elementor-section-height-min-height elementor-section-boxed elementor-section-height-default elementor-section-items-middle ae-bg-gallery-type-default\" data-id=\"08df95d\" data-element_type=\"section\" data-settings=\"{&quot;background_background&quot;:&quot;classic&quot;}\">\n\t\t\t\t\t\t<div class=\"elementor-container elementor-column-gap-default\">\n\t\t\t\t\t<div class=\"has_ae_slider elementor-column elementor-col-100 elementor-top-column elementor-element elementor-element-da3109c ae-bg-gallery-type-default\" data-id=\"da3109c\" data-element_type=\"column\">\n\t\t\t<div class=\"elementor-widget-wrap\">\n\t\t\t\t\t\t\t<\/div>\n\t\t<\/div>\n\t\t\t\t\t<\/div>\n\t\t<\/section>\n\t\t\t\t<section class=\"has_ae_slider elementor-section elementor-top-section elementor-element elementor-element-e0a8ca8 elementor-section-boxed elementor-section-height-default elementor-section-height-default ae-bg-gallery-type-default\" data-id=\"e0a8ca8\" data-element_type=\"section\">\n\t\t\t\t\t\t<div class=\"elementor-container elementor-column-gap-default\">\n\t\t\t\t\t<div class=\"has_ae_slider elementor-column elementor-col-50 elementor-top-column elementor-element elementor-element-88c4aae ae-bg-gallery-type-default\" data-id=\"88c4aae\" data-element_type=\"column\">\n\t\t\t<div class=\"elementor-widget-wrap elementor-element-populated\">\n\t\t\t\t\t\t<div class=\"elementor-element elementor-element-592e72e elementor-widget elementor-widget-text-editor\" data-id=\"592e72e\" data-element_type=\"widget\" data-widget_type=\"text-editor.default\">\n\t\t\t\t<div class=\"elementor-widget-container\">\n\t\t\t\t\t\t\t\t\t<p><strong>1984 : erster Gesamtarbeitsvertrag im Sozialbereich<br \/>\n<\/strong>Von 1980 bis 1984 wird die gemeinsame Kommission immer besser als Arbeitnehmerzusammenschluss organisiert und als Verhandlungspartner der FVIBG strukturiert, um nach jahrelangen k\u00e4mpferischen Verhandlungen schliesslich im Sommer 1984 den ersten Gesamtarbeitsvertrag im Sozialbereich des Kantons Freiburg abzuschliessen. Es gab immer wieder qualitative Fortschritte, Br\u00fcche, Demonstrationen auf der Strasse, sowie offene Konflikte, bei welchen die kantonale Schlichtungskommission intervenieren musste, um in diesem Arbeitskonflikt eine Einigung zu finden, welch von den Arbeitgebern viele Zugest\u00e4ndnisse abverlangte. In dieser Epoche umfasste die FVIBG etwa zwanzig Institutionen und die gemeinsame Kommission vertrat ungef\u00e4hr vier hundert Angestellte. Der Gesamtarbeitsvertrag wurde erneuert, 1991 neuverhandelt und h\u00e4lt bis 2005. Es war der einzige Gesamtarbeitsvertrag in der Westschweiz, der zwischen 1990 und 2001 keinen Abbau erlitt.<br \/>\nHeute gibt es eine parit\u00e4tische Zusammenarbeit und Finanzierung der Verwaltung des Gesamtarbeitsvertrages. INFRI, die freiburgische Vereinigung des spezialisierten Institutionen, umfasst etwa sechzig Institutionen (Direktionen). Der VOPSI, der Verein der Organisationen des Personals der Sozialen Institutionen, vertritt etwa 2000 Mitarbeiter und Mitarbeiterinnen in den Institutionen der INFRI.<\/p>\n\t\t\t\t\t\t\t\t<\/div>\n\t\t\t\t<\/div>\n\t\t\t\t\t<\/div>\n\t\t<\/div>\n\t\t\t\t<div class=\"has_ae_slider elementor-column elementor-col-50 elementor-top-column elementor-element elementor-element-5888a98 ae-bg-gallery-type-default\" data-id=\"5888a98\" data-element_type=\"column\">\n\t\t\t<div class=\"elementor-widget-wrap\">\n\t\t\t\t\t\t\t<\/div>\n\t\t<\/div>\n\t\t\t\t\t<\/div>\n\t\t<\/section>\n\t\t\t\t<\/div>\n\t\t","protected":false},"excerpt":{"rendered":"<p>Geschichte Die Urspr\u00fcnge In der zweiten H\u00e4lfte der 1970er Jahre beginnt der sozialp\u00e4dagogische Sektor des Kantons Freiburg sich zu strukturieren. Der haupts\u00e4chlich von religi\u00f6sen Institutionen organisierte und von karitativem Charakter gepr\u00e4gte Sektor beginnt sich zu professionalisieren. Der \u00dcbergang von den gemeinn\u00fctzigen Vereinen zu sozialp\u00e4dagogischen Dienstleistungen zwingt die stark verstreuten Akteure sich zu begegnen, eine Politik [&hellip;]<\/p>\n","protected":false},"author":1,"featured_media":0,"parent":0,"menu_order":0,"comment_status":"closed","ping_status":"closed","template":"","meta":{"xn-wppe-expiration":[],"xn-wppe-expiration-action":[],"xn-wppe-expiration-prefix":[],"_monsterinsights_skip_tracking":false,"_monsterinsights_sitenote_active":false,"_monsterinsights_sitenote_note":"","_monsterinsights_sitenote_category":0,"footnotes":""},"class_list":["post-819","page","type-page","status-publish","hentry"],"yoast_head":"<!-- This site is optimized with the Yoast SEO plugin v26.5 - https:\/\/yoast.com\/wordpress\/plugins\/seo\/ -->\n<title>Geschichte &#8211; FOPIS - VOPSI<\/title>\n<meta name=\"robots\" content=\"index, follow, max-snippet:-1, max-image-preview:large, max-video-preview:-1\" \/>\n<link rel=\"canonical\" href=\"https:\/\/www.fopis.ch\/de\/geschichte\/\" \/>\n<meta property=\"og:locale\" content=\"de_DE\" \/>\n<meta property=\"og:type\" content=\"article\" \/>\n<meta property=\"og:title\" content=\"Geschichte &#8211; FOPIS - VOPSI\" \/>\n<meta property=\"og:description\" content=\"Geschichte Die Urspr\u00fcnge In der zweiten H\u00e4lfte der 1970er Jahre beginnt der sozialp\u00e4dagogische Sektor des Kantons Freiburg sich zu strukturieren. Der haupts\u00e4chlich von religi\u00f6sen Institutionen organisierte und von karitativem Charakter gepr\u00e4gte Sektor beginnt sich zu professionalisieren. Der \u00dcbergang von den gemeinn\u00fctzigen Vereinen zu sozialp\u00e4dagogischen Dienstleistungen zwingt die stark verstreuten Akteure sich zu begegnen, eine Politik [&hellip;]\" \/>\n<meta property=\"og:url\" content=\"https:\/\/www.fopis.ch\/de\/geschichte\/\" \/>\n<meta property=\"og:site_name\" content=\"FOPIS - VOPSI\" \/>\n<meta property=\"article:modified_time\" content=\"2021-03-29T19:06:33+00:00\" \/>\n<meta name=\"twitter:card\" content=\"summary_large_image\" \/>\n<meta name=\"twitter:label1\" content=\"Gesch\u00e4tzte Lesezeit\" \/>\n\t<meta name=\"twitter:data1\" content=\"3\u00a0Minuten\" \/>\n<script type=\"application\/ld+json\" class=\"yoast-schema-graph\">{\"@context\":\"https:\/\/schema.org\",\"@graph\":[{\"@type\":\"WebPage\",\"@id\":\"https:\/\/www.fopis.ch\/de\/geschichte\/\",\"url\":\"https:\/\/www.fopis.ch\/de\/geschichte\/\",\"name\":\"Geschichte &#8211; FOPIS - VOPSI\",\"isPartOf\":{\"@id\":\"https:\/\/www.fopis.ch\/de\/#website\"},\"datePublished\":\"2021-03-12T14:03:26+00:00\",\"dateModified\":\"2021-03-29T19:06:33+00:00\",\"breadcrumb\":{\"@id\":\"https:\/\/www.fopis.ch\/de\/geschichte\/#breadcrumb\"},\"inLanguage\":\"de\",\"potentialAction\":[{\"@type\":\"ReadAction\",\"target\":[\"https:\/\/www.fopis.ch\/de\/geschichte\/\"]}]},{\"@type\":\"BreadcrumbList\",\"@id\":\"https:\/\/www.fopis.ch\/de\/geschichte\/#breadcrumb\",\"itemListElement\":[{\"@type\":\"ListItem\",\"position\":1,\"name\":\"Accueil\",\"item\":\"https:\/\/www.fopis.ch\/de\/\"},{\"@type\":\"ListItem\",\"position\":2,\"name\":\"Geschichte\"}]},{\"@type\":\"WebSite\",\"@id\":\"https:\/\/www.fopis.ch\/de\/#website\",\"url\":\"https:\/\/www.fopis.ch\/de\/\",\"name\":\"FOPIS - VOPSI\",\"description\":\"F\u00e9d\u00e9ration des organisations du personnel des institutions sociales fribourgeoises\",\"publisher\":{\"@id\":\"https:\/\/www.fopis.ch\/de\/#organization\"},\"potentialAction\":[{\"@type\":\"SearchAction\",\"target\":{\"@type\":\"EntryPoint\",\"urlTemplate\":\"https:\/\/www.fopis.ch\/de\/?s={search_term_string}\"},\"query-input\":{\"@type\":\"PropertyValueSpecification\",\"valueRequired\":true,\"valueName\":\"search_term_string\"}}],\"inLanguage\":\"de\"},{\"@type\":\"Organization\",\"@id\":\"https:\/\/www.fopis.ch\/de\/#organization\",\"name\":\"FOPIS VOPSI\",\"url\":\"https:\/\/www.fopis.ch\/de\/\",\"logo\":{\"@type\":\"ImageObject\",\"inLanguage\":\"de\",\"@id\":\"https:\/\/www.fopis.ch\/de\/#\/schema\/logo\/image\/\",\"url\":\"https:\/\/www.fopis.ch\/wp-content\/uploads\/2021\/02\/logo_fopis-vopsi.png\",\"contentUrl\":\"https:\/\/www.fopis.ch\/wp-content\/uploads\/2021\/02\/logo_fopis-vopsi.png\",\"width\":520,\"height\":268,\"caption\":\"FOPIS VOPSI\"},\"image\":{\"@id\":\"https:\/\/www.fopis.ch\/de\/#\/schema\/logo\/image\/\"}}]}<\/script>\n<!-- \/ Yoast SEO plugin. -->","yoast_head_json":{"title":"Geschichte &#8211; FOPIS - VOPSI","robots":{"index":"index","follow":"follow","max-snippet":"max-snippet:-1","max-image-preview":"max-image-preview:large","max-video-preview":"max-video-preview:-1"},"canonical":"https:\/\/www.fopis.ch\/de\/geschichte\/","og_locale":"de_DE","og_type":"article","og_title":"Geschichte &#8211; FOPIS - VOPSI","og_description":"Geschichte Die Urspr\u00fcnge In der zweiten H\u00e4lfte der 1970er Jahre beginnt der sozialp\u00e4dagogische Sektor des Kantons Freiburg sich zu strukturieren. Der haupts\u00e4chlich von religi\u00f6sen Institutionen organisierte und von karitativem Charakter gepr\u00e4gte Sektor beginnt sich zu professionalisieren. Der \u00dcbergang von den gemeinn\u00fctzigen Vereinen zu sozialp\u00e4dagogischen Dienstleistungen zwingt die stark verstreuten Akteure sich zu begegnen, eine Politik [&hellip;]","og_url":"https:\/\/www.fopis.ch\/de\/geschichte\/","og_site_name":"FOPIS - VOPSI","article_modified_time":"2021-03-29T19:06:33+00:00","twitter_card":"summary_large_image","twitter_misc":{"Gesch\u00e4tzte Lesezeit":"3\u00a0Minuten"},"schema":{"@context":"https:\/\/schema.org","@graph":[{"@type":"WebPage","@id":"https:\/\/www.fopis.ch\/de\/geschichte\/","url":"https:\/\/www.fopis.ch\/de\/geschichte\/","name":"Geschichte &#8211; FOPIS - VOPSI","isPartOf":{"@id":"https:\/\/www.fopis.ch\/de\/#website"},"datePublished":"2021-03-12T14:03:26+00:00","dateModified":"2021-03-29T19:06:33+00:00","breadcrumb":{"@id":"https:\/\/www.fopis.ch\/de\/geschichte\/#breadcrumb"},"inLanguage":"de","potentialAction":[{"@type":"ReadAction","target":["https:\/\/www.fopis.ch\/de\/geschichte\/"]}]},{"@type":"BreadcrumbList","@id":"https:\/\/www.fopis.ch\/de\/geschichte\/#breadcrumb","itemListElement":[{"@type":"ListItem","position":1,"name":"Accueil","item":"https:\/\/www.fopis.ch\/de\/"},{"@type":"ListItem","position":2,"name":"Geschichte"}]},{"@type":"WebSite","@id":"https:\/\/www.fopis.ch\/de\/#website","url":"https:\/\/www.fopis.ch\/de\/","name":"FOPIS - VOPSI","description":"F\u00e9d\u00e9ration des organisations du personnel des institutions sociales fribourgeoises","publisher":{"@id":"https:\/\/www.fopis.ch\/de\/#organization"},"potentialAction":[{"@type":"SearchAction","target":{"@type":"EntryPoint","urlTemplate":"https:\/\/www.fopis.ch\/de\/?s={search_term_string}"},"query-input":{"@type":"PropertyValueSpecification","valueRequired":true,"valueName":"search_term_string"}}],"inLanguage":"de"},{"@type":"Organization","@id":"https:\/\/www.fopis.ch\/de\/#organization","name":"FOPIS VOPSI","url":"https:\/\/www.fopis.ch\/de\/","logo":{"@type":"ImageObject","inLanguage":"de","@id":"https:\/\/www.fopis.ch\/de\/#\/schema\/logo\/image\/","url":"https:\/\/www.fopis.ch\/wp-content\/uploads\/2021\/02\/logo_fopis-vopsi.png","contentUrl":"https:\/\/www.fopis.ch\/wp-content\/uploads\/2021\/02\/logo_fopis-vopsi.png","width":520,"height":268,"caption":"FOPIS VOPSI"},"image":{"@id":"https:\/\/www.fopis.ch\/de\/#\/schema\/logo\/image\/"}}]}},"_links":{"self":[{"href":"https:\/\/www.fopis.ch\/de\/wp-json\/wp\/v2\/pages\/819","targetHints":{"allow":["GET"]}}],"collection":[{"href":"https:\/\/www.fopis.ch\/de\/wp-json\/wp\/v2\/pages"}],"about":[{"href":"https:\/\/www.fopis.ch\/de\/wp-json\/wp\/v2\/types\/page"}],"author":[{"embeddable":true,"href":"https:\/\/www.fopis.ch\/de\/wp-json\/wp\/v2\/users\/1"}],"replies":[{"embeddable":true,"href":"https:\/\/www.fopis.ch\/de\/wp-json\/wp\/v2\/comments?post=819"}],"version-history":[{"count":4,"href":"https:\/\/www.fopis.ch\/de\/wp-json\/wp\/v2\/pages\/819\/revisions"}],"predecessor-version":[{"id":2344,"href":"https:\/\/www.fopis.ch\/de\/wp-json\/wp\/v2\/pages\/819\/revisions\/2344"}],"wp:attachment":[{"href":"https:\/\/www.fopis.ch\/de\/wp-json\/wp\/v2\/media?parent=819"}],"curies":[{"name":"wp","href":"https:\/\/api.w.org\/{rel}","templated":true}]}}