{"id":964,"date":"2021-03-12T16:39:16","date_gmt":"2021-03-12T15:39:16","guid":{"rendered":"https:\/\/www.fopis.ch\/nouveausite\/kontaktiere-vopsi\/"},"modified":"2024-01-15T09:39:43","modified_gmt":"2024-01-15T08:39:43","slug":"kontaktiere-vopsi","status":"publish","type":"page","link":"https:\/\/www.fopis.ch\/de\/kontaktiere-vopsi\/","title":{"rendered":"Kontaktiere VOPSI"},"content":{"rendered":"\t\t<div data-elementor-type=\"wp-page\" data-elementor-id=\"964\" class=\"elementor elementor-964 elementor-277\" data-elementor-post-type=\"page\">\n\t\t\t\t\t\t<section class=\"has_ae_slider elementor-section elementor-top-section elementor-element elementor-element-93d060d elementor-section-boxed elementor-section-height-default elementor-section-height-default ae-bg-gallery-type-default\" data-id=\"93d060d\" data-element_type=\"section\">\n\t\t\t\t\t\t<div class=\"elementor-container elementor-column-gap-default\">\n\t\t\t\t\t<div class=\"has_ae_slider elementor-column elementor-col-50 elementor-top-column elementor-element elementor-element-11d8ad0 ae-bg-gallery-type-default\" data-id=\"11d8ad0\" data-element_type=\"column\">\n\t\t\t<div class=\"elementor-widget-wrap elementor-element-populated\">\n\t\t\t\t\t\t<div class=\"elementor-element elementor-element-f974183 elementor-widget elementor-widget-heading\" data-id=\"f974183\" data-element_type=\"widget\" data-widget_type=\"heading.default\">\n\t\t\t\t<div class=\"elementor-widget-container\">\n\t\t\t\t\t<h1 class=\"elementor-heading-title elementor-size-default\">Kontaktiere VOPSI<\/h1>\t\t\t\t<\/div>\n\t\t\t\t<\/div>\n\t\t\t\t<div class=\"elementor-element elementor-element-a6de1bd elementor-widget elementor-widget-text-editor\" data-id=\"a6de1bd\" data-element_type=\"widget\" data-widget_type=\"text-editor.default\">\n\t\t\t\t<div class=\"elementor-widget-container\">\n\t\t\t\t\t\t\t\t\t<p>Haben Sie eine Frage oder ben\u00f6tigen Sie Informationen? Z\u00f6gern Sie nicht, uns zu kontaktieren.<br \/>\nWir werden uns so schnell wie m\u00f6glich bei Ihnen melden. <\/p>\n\t\t\t\t\t\t\t\t<\/div>\n\t\t\t\t<\/div>\n\t\t\t\t<div class=\"elementor-element elementor-element-747173b elementor-widget elementor-widget-shortcode\" data-id=\"747173b\" data-element_type=\"widget\" data-widget_type=\"shortcode.default\">\n\t\t\t\t<div class=\"elementor-widget-container\">\n\t\t\t\t\t\t\t<div class=\"elementor-shortcode\"><div class=\"frm_forms  with_frm_style frm_style_style-formidable\" id=\"frm_form_2_container\" >\n<form enctype=\"multipart\/form-data\" method=\"post\" class=\"frm-show-form \" id=\"form_contact-formf2a63fd2cb\" >\n<div class=\"frm_form_fields \">\n<fieldset>\n<legend class=\"frm_screen_reader\">Kontaktiere uns <\/legend>\r\n\r\n<div class=\"frm_fields_container\">\n<input type=\"hidden\" name=\"frm_action\" value=\"create\" \/>\n<input type=\"hidden\" name=\"form_id\" value=\"2\" \/>\n<input type=\"hidden\" name=\"frm_hide_fields_2\" id=\"frm_hide_fields_2\" value=\"\" \/>\n<input type=\"hidden\" name=\"form_key\" value=\"contact-formf2a63fd2cb\" \/>\n<input type=\"hidden\" name=\"item_meta[0]\" value=\"\" \/>\n<input type=\"hidden\" id=\"frm_submit_entry_2\" name=\"frm_submit_entry_2\" value=\"88af6e9385\" \/><input type=\"hidden\" name=\"_wp_http_referer\" value=\"\/de\/wp-json\/wp\/v2\/pages\/964\" \/><div id=\"frm_field_10_container\" class=\"frm_form_field form-field  frm_required_field frm_inside_container frm_first frm_half\">\r\n    <label for=\"field_qh4icy9430c26da7\" id=\"field_qh4icy9430c26da7_label\" class=\"frm_primary_label\">Name\r\n        <span class=\"frm_required\">*<\/span>\r\n    <\/label>\r\n    <input type=\"text\" id=\"field_qh4icy9430c26da7\" name=\"item_meta[10]\" value=\"\"  data-reqmsg=\"Ce champ ne peut pas \u00eatre vide\" aria-required=\"true\" data-invmsg=\"Name est non valide\" aria-invalid=\"false\"  \/>\r\n    \r\n    \r\n<\/div>\n<div id=\"frm_field_11_container\" class=\"frm_form_field form-field  frm_required_field frm_inside_container frm_half\">\r\n    <label for=\"field_ocfup143b10ca5b0\" id=\"field_ocfup143b10ca5b0_label\" class=\"frm_primary_label\">Vorname\r\n        <span class=\"frm_required\">*<\/span>\r\n    <\/label>\r\n    <input type=\"text\" id=\"field_ocfup143b10ca5b0\" name=\"item_meta[11]\" value=\"\"  data-reqmsg=\"Ce champ ne peut pas \u00eatre vide\" aria-required=\"true\" data-invmsg=\"Last est non valide\" aria-invalid=\"false\"  \/>\r\n    \r\n    \r\n<\/div>\n<div id=\"frm_field_12_container\" class=\"frm_form_field form-field  frm_required_field frm_inside_container frm_full\">\r\n    <label for=\"field_29yf4d00f367f407\" id=\"field_29yf4d00f367f407_label\" class=\"frm_primary_label\">Email\r\n        <span class=\"frm_required\">*<\/span>\r\n    <\/label>\r\n    <input type=\"email\" id=\"field_29yf4d00f367f407\" name=\"item_meta[12]\" value=\"\"  data-reqmsg=\"Ce champ ne peut pas \u00eatre vide\" aria-required=\"true\" data-invmsg=\"Please enter a valid email address\" aria-invalid=\"false\"  \/>\r\n    \r\n    \r\n<\/div>\n<div id=\"frm_field_13_container\" class=\"frm_form_field form-field  frm_required_field frm_inside_container frm_full\">\r\n    <label for=\"field_e6lis656854a25b3\" id=\"field_e6lis656854a25b3_label\" class=\"frm_primary_label\">Thema\r\n        <span class=\"frm_required\">*<\/span>\r\n    <\/label>\r\n    <input type=\"text\" id=\"field_e6lis656854a25b3\" name=\"item_meta[13]\" value=\"\"  data-reqmsg=\"Ce champ ne peut pas \u00eatre vide\" aria-required=\"true\" data-invmsg=\"Subject est non valide\" aria-invalid=\"false\"  \/>\r\n    \r\n    \r\n<\/div>\n<div id=\"frm_field_15_container\" class=\"frm_form_field form-field  frm_required_field frm_inside_container frm_full\">\r\n    <label for=\"field_9jv0r196fae32b1b\" id=\"field_9jv0r196fae32b1b_label\" class=\"frm_primary_label\">Nachricht\r\n        <span class=\"frm_required\">*<\/span>\r\n    <\/label>\r\n    <textarea name=\"item_meta[15]\" id=\"field_9jv0r196fae32b1b\" rows=\"5\"  data-reqmsg=\"Ce champ ne peut pas \u00eatre vide\" aria-required=\"true\" data-invmsg=\"Nachricht ist ung\u00fcltig\" aria-invalid=\"false\"  ><\/textarea>\r\n    \r\n    \r\n<\/div>\n<div id=\"frm_field_16_container\" class=\"frm_form_field form-field  frm_none_container\">\r\n    <label for=\"g-recaptcha-response\" id=\"field_j6mgie37ab0a36a_label\" class=\"frm_primary_label\">reCAPTCHA\r\n        <span class=\"frm_required\"><\/span>\r\n    <\/label>\r\n    <div  id=\"field_j6mgie37ab0a36a\" class=\"frm-g-recaptcha\" data-sitekey=\"6Lf1hTodAAAAAKRzuVaRjIaTSHQfeff26hKh7T53\" data-size=\"normal\" data-theme=\"light\"><\/div>\r\n    \r\n    \r\n<\/div>\n<div id=\"frm_field_90_container\" class=\"frm_form_field form-field \">\n\t<div class=\"frm_submit\">\r\n\r\n<button class=\"frm_button_submit\" type=\"submit\"  >Sende meine Nachricht <\/button>\r\n\r\n<\/div>\n<\/div>\n\t<input type=\"hidden\" name=\"item_key\" value=\"\" \/>\n\t\t\t<div id=\"frm_field_96_container\">\n\t\t\t<label for=\"field_q144q\" >\n\t\t\t\tFalls Du menschlich bist, lasse dieses Feld leer.\t\t\t<\/label>\n\t\t\t<input  id=\"field_q144q\" type=\"text\" class=\"frm_form_field form-field frm_verify\" name=\"item_meta[96]\" value=\"\"  \/>\n\t\t<\/div>\n\t\t<input name=\"frm_state\" type=\"hidden\" value=\"bOUK8lj+RoUWxkdw8HtpLp+iKxTCJDz\/ez5yQPEMPHY=\" \/><\/div>\n<\/fieldset>\n<\/div>\n\n<\/form>\n<\/div>\n<\/div>\n\t\t\t\t\t\t<\/div>\n\t\t\t\t<\/div>\n\t\t\t\t\t<\/div>\n\t\t<\/div>\n\t\t\t\t<div class=\"has_ae_slider elementor-column elementor-col-50 elementor-top-column elementor-element elementor-element-784acea ae-bg-gallery-type-default\" data-id=\"784acea\" data-element_type=\"column\">\n\t\t\t<div class=\"elementor-widget-wrap elementor-element-populated\">\n\t\t\t\t\t\t<div class=\"elementor-element elementor-element-86ad77c elementor-widget elementor-widget-google_maps\" data-id=\"86ad77c\" data-element_type=\"widget\" data-widget_type=\"google_maps.default\">\n\t\t\t\t<div class=\"elementor-widget-container\">\n\t\t\t\t\t\t\t<div class=\"elementor-custom-embed\">\n\t\t\t<iframe loading=\"lazy\"\n\t\t\t\t\tsrc=\"https:\/\/maps.google.com\/maps?q=Boulevard%20de%20P%C3%A9rolles%208%2C%201700%20Fribourg&#038;t=m&#038;z=14&#038;output=embed&#038;iwloc=near\"\n\t\t\t\t\ttitle=\"Boulevard de P\u00e9rolles 8, 1700 Fribourg\"\n\t\t\t\t\taria-label=\"Boulevard de P\u00e9rolles 8, 1700 Fribourg\"\n\t\t\t><\/iframe>\n\t\t<\/div>\n\t\t\t\t\t\t<\/div>\n\t\t\t\t<\/div>\n\t\t\t\t\t<\/div>\n\t\t<\/div>\n\t\t\t\t\t<\/div>\n\t\t<\/section>\n\t\t\t\t<section class=\"has_ae_slider elementor-section elementor-top-section elementor-element elementor-element-cc1f1a0 elementor-section-boxed elementor-section-height-default elementor-section-height-default ae-bg-gallery-type-default\" data-id=\"cc1f1a0\" data-element_type=\"section\">\n\t\t\t\t\t\t<div class=\"elementor-container elementor-column-gap-default\">\n\t\t\t\t\t<div class=\"has_ae_slider elementor-column elementor-col-33 elementor-top-column elementor-element elementor-element-71c1cb4 ae-bg-gallery-type-default\" data-id=\"71c1cb4\" data-element_type=\"column\">\n\t\t\t<div class=\"elementor-widget-wrap elementor-element-populated\">\n\t\t\t\t\t\t<div class=\"elementor-element elementor-element-919a4b5 elementor-widget elementor-widget-heading\" data-id=\"919a4b5\" data-element_type=\"widget\" data-widget_type=\"heading.default\">\n\t\t\t\t<div class=\"elementor-widget-container\">\n\t\t\t\t\t<h4 class=\"elementor-heading-title elementor-size-default\">Adriana Frangone<\/h4>\t\t\t\t<\/div>\n\t\t\t\t<\/div>\n\t\t\t\t<div class=\"elementor-element elementor-element-6408cbb elementor-widget elementor-widget-text-editor\" data-id=\"6408cbb\" data-element_type=\"widget\" data-widget_type=\"text-editor.default\">\n\t\t\t\t<div class=\"elementor-widget-container\">\n\t\t\t\t\t\t\t\t\t<p>Sekretariat<\/p><p>Boulevard de P\u00e9rolles 8<\/p><p>1700 Fribourg<\/p><p>secretariat@fopis.ch<\/p><p>T. 026 309 26 41<br \/>F. 026 309 26 42<\/p><p>Gegenwart: Montag und Dienstag 8.30 Uhr bis 11.30 Uhr und\u00a0<br \/>Donnerstag 8.30 Uhr bis 11.30 Uhr<\/p>\t\t\t\t\t\t\t\t<\/div>\n\t\t\t\t<\/div>\n\t\t\t\t\t<\/div>\n\t\t<\/div>\n\t\t\t\t<div class=\"has_ae_slider elementor-column elementor-col-33 elementor-top-column elementor-element elementor-element-388878a ae-bg-gallery-type-default\" data-id=\"388878a\" data-element_type=\"column\">\n\t\t\t<div class=\"elementor-widget-wrap elementor-element-populated\">\n\t\t\t\t\t\t<div class=\"elementor-element elementor-element-0137c67 elementor-widget elementor-widget-heading\" data-id=\"0137c67\" data-element_type=\"widget\" data-widget_type=\"heading.default\">\n\t\t\t\t<div class=\"elementor-widget-container\">\n\t\t\t\t\t<h4 class=\"elementor-heading-title elementor-size-default\">Sophie Tritten<\/h4>\t\t\t\t<\/div>\n\t\t\t\t<\/div>\n\t\t\t\t<div class=\"elementor-element elementor-element-77e5e8e elementor-widget elementor-widget-text-editor\" data-id=\"77e5e8e\" data-element_type=\"widget\" data-widget_type=\"text-editor.default\">\n\t\t\t\t<div class=\"elementor-widget-container\">\n\t\t\t\t\t\t\t\t\t<p>Generalsekret\u00e4rin<\/p><p>Boulevard de P\u00e9rolles 8<\/p><p>1700 Fribourg<\/p><p>sophie.tritten@fopis.ch<\/p><p>T. 026 309 26 43<br \/>F. 026 309 26 42<br \/>M. 079 704 73 63<\/p><p>Gegenwart<\/p><p>Montag, Dienstag und <span style=\"color: var( --e-global-color-text ); font-family: var( --e-global-typography-text-font-family ), Sans-serif; font-size: 1rem;\">Donnerstag\u00a0<\/span><\/p>\t\t\t\t\t\t\t\t<\/div>\n\t\t\t\t<\/div>\n\t\t\t\t\t<\/div>\n\t\t<\/div>\n\t\t\t\t<div class=\"has_ae_slider elementor-column elementor-col-33 elementor-top-column elementor-element elementor-element-299e8d5 ae-bg-gallery-type-default\" data-id=\"299e8d5\" data-element_type=\"column\">\n\t\t\t<div class=\"elementor-widget-wrap elementor-element-populated\">\n\t\t\t\t\t\t<div class=\"elementor-element elementor-element-bda4398 elementor-widget elementor-widget-heading\" data-id=\"bda4398\" data-element_type=\"widget\" data-widget_type=\"heading.default\">\n\t\t\t\t<div class=\"elementor-widget-container\">\n\t\t\t\t\t<h4 class=\"elementor-heading-title elementor-size-default\">Olivier Buro<\/h4>\t\t\t\t<\/div>\n\t\t\t\t<\/div>\n\t\t\t\t<div class=\"elementor-element elementor-element-e5105ad elementor-widget elementor-widget-text-editor\" data-id=\"e5105ad\" data-element_type=\"widget\" data-widget_type=\"text-editor.default\">\n\t\t\t\t<div class=\"elementor-widget-container\">\n\t\t\t\t\t\t\t\t\t<p>Pr\u00e4sident<\/p><p>olivier.buro@fopis.ch<\/p><p>M. <span class=\"contact-telephone\">079 569 16 89<\/span><\/p>\t\t\t\t\t\t\t\t<\/div>\n\t\t\t\t<\/div>\n\t\t\t\t\t<\/div>\n\t\t<\/div>\n\t\t\t\t\t<\/div>\n\t\t<\/section>\n\t\t\t\t<\/div>\n\t\t","protected":false},"excerpt":{"rendered":"<p>Kontaktiere VOPSI Haben Sie eine Frage oder ben\u00f6tigen Sie Informationen? Z\u00f6gern Sie nicht, uns zu kontaktieren. Wir werden uns so schnell wie m\u00f6glich bei Ihnen melden. Adriana Frangone Sekretariat Boulevard de P\u00e9rolles 8 1700 Fribourg secretariat@fopis.ch T. 026 309 26 41F. 026 309 26 42 Gegenwart: Montag und Dienstag 8.30 Uhr bis 11.30 Uhr und\u00a0Donnerstag [&hellip;]<\/p>\n","protected":false},"author":1,"featured_media":0,"parent":0,"menu_order":0,"comment_status":"closed","ping_status":"closed","template":"","meta":{"xn-wppe-expiration":[],"xn-wppe-expiration-action":[],"xn-wppe-expiration-prefix":[],"_monsterinsights_skip_tracking":false,"_monsterinsights_sitenote_active":false,"_monsterinsights_sitenote_note":"","_monsterinsights_sitenote_category":0,"footnotes":""},"class_list":["post-964","page","type-page","status-publish","hentry"],"yoast_head":"<!-- This site is optimized with the Yoast SEO plugin v26.5 - https:\/\/yoast.com\/wordpress\/plugins\/seo\/ -->\n<title>Kontaktiere VOPSI &#8211; FOPIS - VOPSI<\/title>\n<meta name=\"robots\" content=\"index, follow, max-snippet:-1, max-image-preview:large, max-video-preview:-1\" \/>\n<link rel=\"canonical\" href=\"https:\/\/www.fopis.ch\/de\/kontaktiere-vopsi\/\" \/>\n<meta property=\"og:locale\" content=\"de_DE\" \/>\n<meta property=\"og:type\" content=\"article\" \/>\n<meta property=\"og:title\" content=\"Kontaktiere VOPSI &#8211; FOPIS - VOPSI\" \/>\n<meta property=\"og:description\" content=\"Kontaktiere VOPSI Haben Sie eine Frage oder ben\u00f6tigen Sie Informationen? Z\u00f6gern Sie nicht, uns zu kontaktieren. Wir werden uns so schnell wie m\u00f6glich bei Ihnen melden. Adriana Frangone Sekretariat Boulevard de P\u00e9rolles 8 1700 Fribourg secretariat@fopis.ch T. 026 309 26 41F. 026 309 26 42 Gegenwart: Montag und Dienstag 8.30 Uhr bis 11.30 Uhr und\u00a0Donnerstag [&hellip;]\" \/>\n<meta property=\"og:url\" content=\"https:\/\/www.fopis.ch\/de\/kontaktiere-vopsi\/\" \/>\n<meta property=\"og:site_name\" content=\"FOPIS - VOPSI\" \/>\n<meta property=\"article:modified_time\" content=\"2024-01-15T08:39:43+00:00\" \/>\n<meta name=\"twitter:card\" content=\"summary_large_image\" \/>\n<meta name=\"twitter:label1\" content=\"Gesch\u00e4tzte Lesezeit\" \/>\n\t<meta name=\"twitter:data1\" content=\"1\u00a0Minute\" \/>\n<script type=\"application\/ld+json\" class=\"yoast-schema-graph\">{\"@context\":\"https:\/\/schema.org\",\"@graph\":[{\"@type\":\"WebPage\",\"@id\":\"https:\/\/www.fopis.ch\/de\/kontaktiere-vopsi\/\",\"url\":\"https:\/\/www.fopis.ch\/de\/kontaktiere-vopsi\/\",\"name\":\"Kontaktiere VOPSI &#8211; FOPIS - VOPSI\",\"isPartOf\":{\"@id\":\"https:\/\/www.fopis.ch\/de\/#website\"},\"datePublished\":\"2021-03-12T15:39:16+00:00\",\"dateModified\":\"2024-01-15T08:39:43+00:00\",\"breadcrumb\":{\"@id\":\"https:\/\/www.fopis.ch\/de\/kontaktiere-vopsi\/#breadcrumb\"},\"inLanguage\":\"de\",\"potentialAction\":[{\"@type\":\"ReadAction\",\"target\":[\"https:\/\/www.fopis.ch\/de\/kontaktiere-vopsi\/\"]}]},{\"@type\":\"BreadcrumbList\",\"@id\":\"https:\/\/www.fopis.ch\/de\/kontaktiere-vopsi\/#breadcrumb\",\"itemListElement\":[{\"@type\":\"ListItem\",\"position\":1,\"name\":\"Accueil\",\"item\":\"https:\/\/www.fopis.ch\/de\/\"},{\"@type\":\"ListItem\",\"position\":2,\"name\":\"Kontaktiere VOPSI\"}]},{\"@type\":\"WebSite\",\"@id\":\"https:\/\/www.fopis.ch\/de\/#website\",\"url\":\"https:\/\/www.fopis.ch\/de\/\",\"name\":\"FOPIS - VOPSI\",\"description\":\"F\u00e9d\u00e9ration des organisations du personnel des institutions sociales fribourgeoises\",\"publisher\":{\"@id\":\"https:\/\/www.fopis.ch\/de\/#organization\"},\"potentialAction\":[{\"@type\":\"SearchAction\",\"target\":{\"@type\":\"EntryPoint\",\"urlTemplate\":\"https:\/\/www.fopis.ch\/de\/?s={search_term_string}\"},\"query-input\":{\"@type\":\"PropertyValueSpecification\",\"valueRequired\":true,\"valueName\":\"search_term_string\"}}],\"inLanguage\":\"de\"},{\"@type\":\"Organization\",\"@id\":\"https:\/\/www.fopis.ch\/de\/#organization\",\"name\":\"FOPIS VOPSI\",\"url\":\"https:\/\/www.fopis.ch\/de\/\",\"logo\":{\"@type\":\"ImageObject\",\"inLanguage\":\"de\",\"@id\":\"https:\/\/www.fopis.ch\/de\/#\/schema\/logo\/image\/\",\"url\":\"https:\/\/www.fopis.ch\/wp-content\/uploads\/2021\/02\/logo_fopis-vopsi.png\",\"contentUrl\":\"https:\/\/www.fopis.ch\/wp-content\/uploads\/2021\/02\/logo_fopis-vopsi.png\",\"width\":520,\"height\":268,\"caption\":\"FOPIS VOPSI\"},\"image\":{\"@id\":\"https:\/\/www.fopis.ch\/de\/#\/schema\/logo\/image\/\"}}]}<\/script>\n<!-- \/ Yoast SEO plugin. -->","yoast_head_json":{"title":"Kontaktiere VOPSI &#8211; FOPIS - VOPSI","robots":{"index":"index","follow":"follow","max-snippet":"max-snippet:-1","max-image-preview":"max-image-preview:large","max-video-preview":"max-video-preview:-1"},"canonical":"https:\/\/www.fopis.ch\/de\/kontaktiere-vopsi\/","og_locale":"de_DE","og_type":"article","og_title":"Kontaktiere VOPSI &#8211; FOPIS - VOPSI","og_description":"Kontaktiere VOPSI Haben Sie eine Frage oder ben\u00f6tigen Sie Informationen? Z\u00f6gern Sie nicht, uns zu kontaktieren. Wir werden uns so schnell wie m\u00f6glich bei Ihnen melden. Adriana Frangone Sekretariat Boulevard de P\u00e9rolles 8 1700 Fribourg secretariat@fopis.ch T. 026 309 26 41F. 026 309 26 42 Gegenwart: Montag und Dienstag 8.30 Uhr bis 11.30 Uhr und\u00a0Donnerstag [&hellip;]","og_url":"https:\/\/www.fopis.ch\/de\/kontaktiere-vopsi\/","og_site_name":"FOPIS - VOPSI","article_modified_time":"2024-01-15T08:39:43+00:00","twitter_card":"summary_large_image","twitter_misc":{"Gesch\u00e4tzte Lesezeit":"1\u00a0Minute"},"schema":{"@context":"https:\/\/schema.org","@graph":[{"@type":"WebPage","@id":"https:\/\/www.fopis.ch\/de\/kontaktiere-vopsi\/","url":"https:\/\/www.fopis.ch\/de\/kontaktiere-vopsi\/","name":"Kontaktiere VOPSI &#8211; FOPIS - VOPSI","isPartOf":{"@id":"https:\/\/www.fopis.ch\/de\/#website"},"datePublished":"2021-03-12T15:39:16+00:00","dateModified":"2024-01-15T08:39:43+00:00","breadcrumb":{"@id":"https:\/\/www.fopis.ch\/de\/kontaktiere-vopsi\/#breadcrumb"},"inLanguage":"de","potentialAction":[{"@type":"ReadAction","target":["https:\/\/www.fopis.ch\/de\/kontaktiere-vopsi\/"]}]},{"@type":"BreadcrumbList","@id":"https:\/\/www.fopis.ch\/de\/kontaktiere-vopsi\/#breadcrumb","itemListElement":[{"@type":"ListItem","position":1,"name":"Accueil","item":"https:\/\/www.fopis.ch\/de\/"},{"@type":"ListItem","position":2,"name":"Kontaktiere VOPSI"}]},{"@type":"WebSite","@id":"https:\/\/www.fopis.ch\/de\/#website","url":"https:\/\/www.fopis.ch\/de\/","name":"FOPIS - VOPSI","description":"F\u00e9d\u00e9ration des organisations du personnel des institutions sociales fribourgeoises","publisher":{"@id":"https:\/\/www.fopis.ch\/de\/#organization"},"potentialAction":[{"@type":"SearchAction","target":{"@type":"EntryPoint","urlTemplate":"https:\/\/www.fopis.ch\/de\/?s={search_term_string}"},"query-input":{"@type":"PropertyValueSpecification","valueRequired":true,"valueName":"search_term_string"}}],"inLanguage":"de"},{"@type":"Organization","@id":"https:\/\/www.fopis.ch\/de\/#organization","name":"FOPIS VOPSI","url":"https:\/\/www.fopis.ch\/de\/","logo":{"@type":"ImageObject","inLanguage":"de","@id":"https:\/\/www.fopis.ch\/de\/#\/schema\/logo\/image\/","url":"https:\/\/www.fopis.ch\/wp-content\/uploads\/2021\/02\/logo_fopis-vopsi.png","contentUrl":"https:\/\/www.fopis.ch\/wp-content\/uploads\/2021\/02\/logo_fopis-vopsi.png","width":520,"height":268,"caption":"FOPIS VOPSI"},"image":{"@id":"https:\/\/www.fopis.ch\/de\/#\/schema\/logo\/image\/"}}]}},"_links":{"self":[{"href":"https:\/\/www.fopis.ch\/de\/wp-json\/wp\/v2\/pages\/964","targetHints":{"allow":["GET"]}}],"collection":[{"href":"https:\/\/www.fopis.ch\/de\/wp-json\/wp\/v2\/pages"}],"about":[{"href":"https:\/\/www.fopis.ch\/de\/wp-json\/wp\/v2\/types\/page"}],"author":[{"embeddable":true,"href":"https:\/\/www.fopis.ch\/de\/wp-json\/wp\/v2\/users\/1"}],"replies":[{"embeddable":true,"href":"https:\/\/www.fopis.ch\/de\/wp-json\/wp\/v2\/comments?post=964"}],"version-history":[{"count":28,"href":"https:\/\/www.fopis.ch\/de\/wp-json\/wp\/v2\/pages\/964\/revisions"}],"predecessor-version":[{"id":3685,"href":"https:\/\/www.fopis.ch\/de\/wp-json\/wp\/v2\/pages\/964\/revisions\/3685"}],"wp:attachment":[{"href":"https:\/\/www.fopis.ch\/de\/wp-json\/wp\/v2\/media?parent=964"}],"curies":[{"name":"wp","href":"https:\/\/api.w.org\/{rel}","templated":true}]}}